{"id":126,"date":"2020-11-25T14:00:20","date_gmt":"2020-11-25T14:00:20","guid":{"rendered":"http:\/\/kaisa.com.pe\/?page_id=126"},"modified":"2021-01-23T13:50:43","modified_gmt":"2021-01-23T13:50:43","slug":"ductos-y-tuberias","status":"publish","type":"page","link":"http:\/\/kaisa.com.pe\/index.php\/ductos-y-tuberias\/","title":{"rendered":"Ductos y Tuberias"},"content":{"rendered":"<div id=\"pl-126\"  class=\"panel-layout\" ><div id=\"pg-126-0\"  class=\"panel-grid panel-no-style\" ><div id=\"pgc-126-0-0\"  class=\"panel-grid-cell\" ><div id=\"panel-126-0-0-0\" class=\"so-panel widget widget_sow-editor panel-first-child\" data-index=\"0\" ><div class=\"so-widget-sow-editor so-widget-sow-editor-base\">\n<div class=\"siteorigin-widget-tinymce textwidget\">\n\t<p style=\"text-align: center;\"><strong>DUCTOS Y TUBER\u00cdAS<\/strong><\/p>\n<p>KAISA fabrica y realiza la instalaci\u00f3n de diferentes tipos de tuber\u00edas y ductos de acero al carbono, acero inoxidable, HDPE, incluyendo soldaduras, conexionados, accesorios y pruebas.<\/p>\n<\/div>\n<\/div><\/div><div id=\"panel-126-0-0-1\" class=\"so-panel widget widget_media_image panel-last-child\" data-index=\"1\" ><img loading=\"lazy\" decoding=\"async\" width=\"234\" height=\"300\" src=\"http:\/\/kaisa.com.pe\/wp-content\/uploads\/2021\/01\/duct2-234x300.jpg\" class=\"image wp-image-359  attachment-medium size-medium\" alt=\"\" style=\"max-width: 100%; height: auto;\" srcset=\"http:\/\/kaisa.com.pe\/wp-content\/uploads\/2021\/01\/duct2-234x300.jpg 234w, http:\/\/kaisa.com.pe\/wp-content\/uploads\/2021\/01\/duct2.jpg 463w\" sizes=\"auto, (max-width: 234px) 100vw, 234px\" \/><\/div><\/div><div id=\"pgc-126-0-1\"  class=\"panel-grid-cell\" ><div id=\"panel-126-0-1-0\" class=\"so-panel widget widget_media_image panel-first-child\" data-index=\"2\" ><img loading=\"lazy\" decoding=\"async\" width=\"300\" height=\"200\" src=\"http:\/\/kaisa.com.pe\/wp-content\/uploads\/2020\/11\/machine-495376_1280-300x200.jpg\" class=\"image wp-image-141  attachment-medium size-medium\" alt=\"\" style=\"max-width: 100%; height: auto;\" srcset=\"http:\/\/kaisa.com.pe\/wp-content\/uploads\/2020\/11\/machine-495376_1280-300x200.jpg 300w, http:\/\/kaisa.com.pe\/wp-content\/uploads\/2020\/11\/machine-495376_1280-1024x682.jpg 1024w, http:\/\/kaisa.com.pe\/wp-content\/uploads\/2020\/11\/machine-495376_1280-768x512.jpg 768w, http:\/\/kaisa.com.pe\/wp-content\/uploads\/2020\/11\/machine-495376_1280-272x182.jpg 272w, http:\/\/kaisa.com.pe\/wp-content\/uploads\/2020\/11\/machine-495376_1280.jpg 1280w\" sizes=\"auto, (max-width: 300px) 100vw, 300px\" \/><\/div><div id=\"panel-126-0-1-1\" class=\"so-panel widget widget_media_image\" data-index=\"3\" ><img loading=\"lazy\" decoding=\"async\" width=\"300\" height=\"199\" src=\"http:\/\/kaisa.com.pe\/wp-content\/uploads\/2020\/11\/plumbing-1103725_1280-300x199.jpg\" class=\"image wp-image-142  attachment-medium size-medium\" alt=\"\" style=\"max-width: 100%; height: auto;\" srcset=\"http:\/\/kaisa.com.pe\/wp-content\/uploads\/2020\/11\/plumbing-1103725_1280-300x199.jpg 300w, http:\/\/kaisa.com.pe\/wp-content\/uploads\/2020\/11\/plumbing-1103725_1280-1024x679.jpg 1024w, http:\/\/kaisa.com.pe\/wp-content\/uploads\/2020\/11\/plumbing-1103725_1280-768x509.jpg 768w, http:\/\/kaisa.com.pe\/wp-content\/uploads\/2020\/11\/plumbing-1103725_1280.jpg 1280w\" sizes=\"auto, (max-width: 300px) 100vw, 300px\" \/><\/div><div id=\"panel-126-0-1-2\" class=\"so-panel widget widget_media_image panel-last-child\" data-index=\"4\" ><img loading=\"lazy\" decoding=\"async\" width=\"150\" height=\"150\" src=\"http:\/\/kaisa.com.pe\/wp-content\/uploads\/2021\/01\/duct3-150x150.jpg\" class=\"image wp-image-369  attachment-thumbnail size-thumbnail\" alt=\"\" style=\"max-width: 100%; height: auto;\" srcset=\"http:\/\/kaisa.com.pe\/wp-content\/uploads\/2021\/01\/duct3-150x150.jpg 150w, http:\/\/kaisa.com.pe\/wp-content\/uploads\/2021\/01\/duct3-50x50.jpg 50w\" sizes=\"auto, (max-width: 150px) 100vw, 150px\" \/><\/div><\/div><div id=\"pgc-126-0-2\"  class=\"panel-grid-cell\" ><div id=\"panel-126-0-2-0\" class=\"so-panel widget widget_media_image panel-first-child\" data-index=\"5\" ><img loading=\"lazy\" decoding=\"async\" width=\"150\" height=\"150\" src=\"http:\/\/kaisa.com.pe\/wp-content\/uploads\/2021\/01\/duct1-150x150.jpg\" class=\"image wp-image-358  attachment-thumbnail size-thumbnail\" alt=\"\" style=\"max-width: 100%; height: auto;\" srcset=\"http:\/\/kaisa.com.pe\/wp-content\/uploads\/2021\/01\/duct1-150x150.jpg 150w, http:\/\/kaisa.com.pe\/wp-content\/uploads\/2021\/01\/duct1-50x50.jpg 50w\" sizes=\"auto, (max-width: 150px) 100vw, 150px\" \/><\/div><div id=\"panel-126-0-2-1\" class=\"so-panel widget widget_media_image panel-last-child\" data-index=\"6\" ><img loading=\"lazy\" decoding=\"async\" width=\"150\" height=\"150\" src=\"http:\/\/kaisa.com.pe\/wp-content\/uploads\/2021\/01\/duct4-150x150.jpg\" class=\"image wp-image-370  attachment-thumbnail size-thumbnail\" alt=\"\" style=\"max-width: 100%; height: auto;\" srcset=\"http:\/\/kaisa.com.pe\/wp-content\/uploads\/2021\/01\/duct4-150x150.jpg 150w, http:\/\/kaisa.com.pe\/wp-content\/uploads\/2021\/01\/duct4-50x50.jpg 50w\" sizes=\"auto, (max-width: 150px) 100vw, 150px\" \/><\/div><\/div><\/div><\/div>","protected":false},"excerpt":{"rendered":"<p>DUCTOS Y TUBER\u00cdAS KAISA fabrica y realiza la instalaci\u00f3n de diferentes tipos de tuber\u00edas y ductos de acero al carbono, acero inoxidable, HDPE, incluyendo soldaduras, conexionados, accesorios y pruebas.<\/p>\n","protected":false},"author":1,"featured_media":0,"parent":0,"menu_order":0,"comment_status":"closed","ping_status":"closed","template":"templates\/template-full.php","meta":{"footnotes":""},"class_list":["post-126","page","type-page","status-publish","hentry","post"],"_links":{"self":[{"href":"http:\/\/kaisa.com.pe\/index.php\/wp-json\/wp\/v2\/pages\/126","targetHints":{"allow":["GET"]}}],"collection":[{"href":"http:\/\/kaisa.com.pe\/index.php\/wp-json\/wp\/v2\/pages"}],"about":[{"href":"http:\/\/kaisa.com.pe\/index.php\/wp-json\/wp\/v2\/types\/page"}],"author":[{"embeddable":true,"href":"http:\/\/kaisa.com.pe\/index.php\/wp-json\/wp\/v2\/users\/1"}],"replies":[{"embeddable":true,"href":"http:\/\/kaisa.com.pe\/index.php\/wp-json\/wp\/v2\/comments?post=126"}],"version-history":[{"count":22,"href":"http:\/\/kaisa.com.pe\/index.php\/wp-json\/wp\/v2\/pages\/126\/revisions"}],"predecessor-version":[{"id":468,"href":"http:\/\/kaisa.com.pe\/index.php\/wp-json\/wp\/v2\/pages\/126\/revisions\/468"}],"wp:attachment":[{"href":"http:\/\/kaisa.com.pe\/index.php\/wp-json\/wp\/v2\/media?parent=126"}],"curies":[{"name":"wp","href":"https:\/\/api.w.org\/{rel}","templated":true}]}}