{"id":93,"date":"2020-11-25T14:09:07","date_gmt":"2020-11-25T14:09:07","guid":{"rendered":"http:\/\/kaisa.com.pe\/?page_id=93"},"modified":"2021-01-18T17:48:44","modified_gmt":"2021-01-18T17:48:44","slug":"ingenieria-2","status":"publish","type":"page","link":"http:\/\/kaisa.com.pe\/index.php\/ingenieria-2\/","title":{"rendered":"Ingenieria"},"content":{"rendered":"<div id=\"pl-93\"  class=\"panel-layout\" ><div id=\"pg-93-0\"  class=\"panel-grid panel-no-style\" ><div id=\"pgc-93-0-0\"  class=\"panel-grid-cell\" ><div id=\"panel-93-0-0-0\" class=\"so-panel widget widget_sow-editor panel-first-child panel-last-child\" data-index=\"0\" ><div class=\"so-widget-sow-editor so-widget-sow-editor-base\">\n<div class=\"siteorigin-widget-tinymce textwidget\">\n\t<p style=\"text-align: center;\"><strong>INGENIER\u00cdA<\/strong><\/p>\n<p>&nbsp;<\/p>\n<p>En KAISA desarrollamos la ingenier\u00eda b\u00e1sica, de detalle y constructiva necesaria para la fabricaci\u00f3n y construcci\u00f3n en los diferentes proyectos que ejecuta los diferentes sectores.<\/p>\n<p>&nbsp;<\/p>\n<p>Para ello, la empresa cuenta con un staff de Ingenier\u00eda, personal profesional altamente calificado.<\/p>\n<\/div>\n<\/div><\/div><\/div><div id=\"pgc-93-0-1\"  class=\"panel-grid-cell\" ><div id=\"panel-93-0-1-0\" class=\"so-panel widget widget_media_image panel-first-child\" data-index=\"1\" ><img loading=\"lazy\" decoding=\"async\" width=\"300\" height=\"200\" src=\"http:\/\/kaisa.com.pe\/wp-content\/uploads\/2020\/11\/engineer-4925140_1280-300x200.jpg\" class=\"image wp-image-156  attachment-medium size-medium\" alt=\"\" style=\"max-width: 100%; height: auto;\" srcset=\"http:\/\/kaisa.com.pe\/wp-content\/uploads\/2020\/11\/engineer-4925140_1280-300x200.jpg 300w, http:\/\/kaisa.com.pe\/wp-content\/uploads\/2020\/11\/engineer-4925140_1280-1024x683.jpg 1024w, http:\/\/kaisa.com.pe\/wp-content\/uploads\/2020\/11\/engineer-4925140_1280-768x512.jpg 768w, http:\/\/kaisa.com.pe\/wp-content\/uploads\/2020\/11\/engineer-4925140_1280-272x182.jpg 272w, http:\/\/kaisa.com.pe\/wp-content\/uploads\/2020\/11\/engineer-4925140_1280.jpg 1280w\" sizes=\"auto, (max-width: 300px) 100vw, 300px\" \/><\/div><div id=\"panel-93-0-1-1\" class=\"so-panel widget widget_media_image panel-last-child\" data-index=\"2\" ><img loading=\"lazy\" decoding=\"async\" width=\"270\" height=\"190\" src=\"http:\/\/kaisa.com.pe\/wp-content\/uploads\/2020\/11\/ingenieria2.png\" class=\"image wp-image-94  attachment-full size-full\" alt=\"\" style=\"max-width: 100%; height: auto;\" \/><\/div><\/div><div id=\"pgc-93-0-2\"  class=\"panel-grid-cell\" ><div id=\"panel-93-0-2-0\" class=\"so-panel widget widget_media_image panel-first-child\" data-index=\"3\" ><img loading=\"lazy\" decoding=\"async\" width=\"300\" height=\"222\" src=\"http:\/\/kaisa.com.pe\/wp-content\/uploads\/2021\/01\/ingen1-300x222.jpg\" class=\"image wp-image-341  attachment-medium size-medium\" alt=\"\" style=\"max-width: 100%; height: auto;\" srcset=\"http:\/\/kaisa.com.pe\/wp-content\/uploads\/2021\/01\/ingen1-300x222.jpg 300w, http:\/\/kaisa.com.pe\/wp-content\/uploads\/2021\/01\/ingen1.jpg 738w\" sizes=\"auto, (max-width: 300px) 100vw, 300px\" \/><\/div><div id=\"panel-93-0-2-1\" class=\"so-panel widget widget_media_image panel-last-child\" data-index=\"4\" ><img loading=\"lazy\" decoding=\"async\" width=\"300\" height=\"206\" src=\"http:\/\/kaisa.com.pe\/wp-content\/uploads\/2021\/01\/ingen2-300x206.jpg\" class=\"image wp-image-342  attachment-medium size-medium\" alt=\"\" style=\"max-width: 100%; height: auto;\" srcset=\"http:\/\/kaisa.com.pe\/wp-content\/uploads\/2021\/01\/ingen2-300x206.jpg 300w, http:\/\/kaisa.com.pe\/wp-content\/uploads\/2021\/01\/ingen2-768x527.jpg 768w, http:\/\/kaisa.com.pe\/wp-content\/uploads\/2021\/01\/ingen2.jpg 784w\" sizes=\"auto, (max-width: 300px) 100vw, 300px\" \/><\/div><\/div><\/div><\/div>","protected":false},"excerpt":{"rendered":"<p>INGENIER\u00cdA &nbsp; En KAISA desarrollamos la ingenier\u00eda b\u00e1sica, de detalle y constructiva necesaria para la fabricaci\u00f3n y construcci\u00f3n en los diferentes proyectos que ejecuta los diferentes sectores. &nbsp; Para ello, la empresa cuenta con un staff de Ingenier\u00eda, personal profesional altamente calificado.<\/p>\n","protected":false},"author":1,"featured_media":0,"parent":0,"menu_order":0,"comment_status":"closed","ping_status":"closed","template":"templates\/template-full-notitle.php","meta":{"footnotes":""},"class_list":["post-93","page","type-page","status-publish","hentry","post"],"_links":{"self":[{"href":"http:\/\/kaisa.com.pe\/index.php\/wp-json\/wp\/v2\/pages\/93","targetHints":{"allow":["GET"]}}],"collection":[{"href":"http:\/\/kaisa.com.pe\/index.php\/wp-json\/wp\/v2\/pages"}],"about":[{"href":"http:\/\/kaisa.com.pe\/index.php\/wp-json\/wp\/v2\/types\/page"}],"author":[{"embeddable":true,"href":"http:\/\/kaisa.com.pe\/index.php\/wp-json\/wp\/v2\/users\/1"}],"replies":[{"embeddable":true,"href":"http:\/\/kaisa.com.pe\/index.php\/wp-json\/wp\/v2\/comments?post=93"}],"version-history":[{"count":33,"href":"http:\/\/kaisa.com.pe\/index.php\/wp-json\/wp\/v2\/pages\/93\/revisions"}],"predecessor-version":[{"id":347,"href":"http:\/\/kaisa.com.pe\/index.php\/wp-json\/wp\/v2\/pages\/93\/revisions\/347"}],"wp:attachment":[{"href":"http:\/\/kaisa.com.pe\/index.php\/wp-json\/wp\/v2\/media?parent=93"}],"curies":[{"name":"wp","href":"https:\/\/api.w.org\/{rel}","templated":true}]}}