{"id":121,"date":"2020-11-25T14:04:07","date_gmt":"2020-11-25T14:04:07","guid":{"rendered":"http:\/\/kaisa.com.pe\/?page_id=121"},"modified":"2021-01-23T13:45:34","modified_gmt":"2021-01-23T13:45:34","slug":"estructuras-metalicas","status":"publish","type":"page","link":"https:\/\/kaisa.com.pe\/index.php\/estructuras-metalicas\/","title":{"rendered":"Estructuras Met\u00e1licas"},"content":{"rendered":"<div id=\"pl-121\"  class=\"panel-layout\" ><div id=\"pg-121-0\"  class=\"panel-grid panel-no-style\" ><div id=\"pgc-121-0-0\"  class=\"panel-grid-cell\" ><div id=\"panel-121-0-0-0\" class=\"so-panel widget widget_sow-editor panel-first-child\" data-index=\"0\" ><div class=\"so-widget-sow-editor so-widget-sow-editor-base\">\n<div class=\"siteorigin-widget-tinymce textwidget\">\n\t<p style=\"text-align: center;\"><strong>ESTRUCTURAS MET\u00c1LICAS<\/strong><\/p>\n<p>KAISA se especializa en la fabricaci\u00f3n, construcci\u00f3n y montaje de estructuras met\u00e1licas de todo tipo como:<\/p>\n<p>Edificios Industriales, Techos de celos\u00eda y alma llena Vigas Electro soldadas \u2013 Vigas Puente, Plataformas de Trabajo, P\u00f3rticos entre otros<\/p>\n<\/div>\n<\/div><\/div><div id=\"panel-121-0-0-1\" class=\"so-panel widget widget_media_image panel-last-child\" data-index=\"1\" ><img loading=\"lazy\" decoding=\"async\" width=\"720\" height=\"480\" src=\"https:\/\/kaisa.com.pe\/wp-content\/uploads\/2021\/01\/47a59f6b50594c0d8f83a267b5741ad0-1024x683.jpg\" class=\"image wp-image-462  attachment-large size-large\" alt=\"\" style=\"max-width: 100%; height: auto;\" srcset=\"https:\/\/kaisa.com.pe\/wp-content\/uploads\/2021\/01\/47a59f6b50594c0d8f83a267b5741ad0-1024x683.jpg 1024w, https:\/\/kaisa.com.pe\/wp-content\/uploads\/2021\/01\/47a59f6b50594c0d8f83a267b5741ad0-300x200.jpg 300w, https:\/\/kaisa.com.pe\/wp-content\/uploads\/2021\/01\/47a59f6b50594c0d8f83a267b5741ad0-768x512.jpg 768w, https:\/\/kaisa.com.pe\/wp-content\/uploads\/2021\/01\/47a59f6b50594c0d8f83a267b5741ad0-1536x1024.jpg 1536w, https:\/\/kaisa.com.pe\/wp-content\/uploads\/2021\/01\/47a59f6b50594c0d8f83a267b5741ad0-2048x1365.jpg 2048w, https:\/\/kaisa.com.pe\/wp-content\/uploads\/2021\/01\/47a59f6b50594c0d8f83a267b5741ad0-272x182.jpg 272w\" sizes=\"auto, (max-width: 720px) 100vw, 720px\" \/><\/div><\/div><div id=\"pgc-121-0-1\"  class=\"panel-grid-cell\" ><div id=\"panel-121-0-1-0\" class=\"so-panel widget widget_media_image panel-first-child\" data-index=\"2\" ><img loading=\"lazy\" decoding=\"async\" width=\"300\" height=\"225\" src=\"https:\/\/kaisa.com.pe\/wp-content\/uploads\/2021\/01\/WhatsApp-Image-2021-01-19-at-9.33.15-AM-1-300x225.jpeg\" class=\"image wp-image-423  attachment-medium size-medium\" alt=\"\" style=\"max-width: 100%; height: auto;\" srcset=\"https:\/\/kaisa.com.pe\/wp-content\/uploads\/2021\/01\/WhatsApp-Image-2021-01-19-at-9.33.15-AM-1-300x225.jpeg 300w, https:\/\/kaisa.com.pe\/wp-content\/uploads\/2021\/01\/WhatsApp-Image-2021-01-19-at-9.33.15-AM-1-1024x768.jpeg 1024w, https:\/\/kaisa.com.pe\/wp-content\/uploads\/2021\/01\/WhatsApp-Image-2021-01-19-at-9.33.15-AM-1-768x576.jpeg 768w, https:\/\/kaisa.com.pe\/wp-content\/uploads\/2021\/01\/WhatsApp-Image-2021-01-19-at-9.33.15-AM-1.jpeg 1280w\" sizes=\"auto, (max-width: 300px) 100vw, 300px\" \/><\/div><div id=\"panel-121-0-1-1\" class=\"so-panel widget widget_media_image panel-last-child\" data-index=\"3\" ><img loading=\"lazy\" decoding=\"async\" width=\"300\" height=\"200\" src=\"https:\/\/kaisa.com.pe\/wp-content\/uploads\/2020\/11\/sky-5355164_1280-300x200.jpg\" class=\"image wp-image-147  attachment-medium size-medium\" alt=\"\" style=\"max-width: 100%; height: auto;\" srcset=\"https:\/\/kaisa.com.pe\/wp-content\/uploads\/2020\/11\/sky-5355164_1280-300x200.jpg 300w, https:\/\/kaisa.com.pe\/wp-content\/uploads\/2020\/11\/sky-5355164_1280-1024x682.jpg 1024w, https:\/\/kaisa.com.pe\/wp-content\/uploads\/2020\/11\/sky-5355164_1280-768x512.jpg 768w, https:\/\/kaisa.com.pe\/wp-content\/uploads\/2020\/11\/sky-5355164_1280-272x182.jpg 272w, https:\/\/kaisa.com.pe\/wp-content\/uploads\/2020\/11\/sky-5355164_1280.jpg 1280w\" sizes=\"auto, (max-width: 300px) 100vw, 300px\" \/><\/div><\/div><div id=\"pgc-121-0-2\"  class=\"panel-grid-cell\" ><div id=\"panel-121-0-2-0\" class=\"so-panel widget widget_media_image panel-first-child\" data-index=\"4\" ><img loading=\"lazy\" decoding=\"async\" width=\"300\" height=\"199\" src=\"https:\/\/kaisa.com.pe\/wp-content\/uploads\/2021\/01\/Sin-t\u00edtulo-2-300x199.jpg\" class=\"image wp-image-351  attachment-medium size-medium\" alt=\"\" style=\"max-width: 100%; height: auto;\" srcset=\"https:\/\/kaisa.com.pe\/wp-content\/uploads\/2021\/01\/Sin-t\u00edtulo-2-300x199.jpg 300w, https:\/\/kaisa.com.pe\/wp-content\/uploads\/2021\/01\/Sin-t\u00edtulo-2-1024x681.jpg 1024w, https:\/\/kaisa.com.pe\/wp-content\/uploads\/2021\/01\/Sin-t\u00edtulo-2-768x510.jpg 768w, https:\/\/kaisa.com.pe\/wp-content\/uploads\/2021\/01\/Sin-t\u00edtulo-2.jpg 1288w\" sizes=\"auto, (max-width: 300px) 100vw, 300px\" \/><\/div><div id=\"panel-121-0-2-1\" class=\"so-panel widget widget_media_image panel-last-child\" data-index=\"5\" ><img loading=\"lazy\" decoding=\"async\" width=\"300\" height=\"200\" src=\"https:\/\/kaisa.com.pe\/wp-content\/uploads\/2021\/01\/Sin-t\u00edtulo-1-300x200.jpg\" class=\"image wp-image-350  attachment-medium size-medium\" alt=\"\" style=\"max-width: 100%; height: auto;\" srcset=\"https:\/\/kaisa.com.pe\/wp-content\/uploads\/2021\/01\/Sin-t\u00edtulo-1-300x200.jpg 300w, https:\/\/kaisa.com.pe\/wp-content\/uploads\/2021\/01\/Sin-t\u00edtulo-1-1024x683.jpg 1024w, https:\/\/kaisa.com.pe\/wp-content\/uploads\/2021\/01\/Sin-t\u00edtulo-1-768x512.jpg 768w, https:\/\/kaisa.com.pe\/wp-content\/uploads\/2021\/01\/Sin-t\u00edtulo-1-272x182.jpg 272w, https:\/\/kaisa.com.pe\/wp-content\/uploads\/2021\/01\/Sin-t\u00edtulo-1.jpg 1281w\" sizes=\"auto, (max-width: 300px) 100vw, 300px\" \/><\/div><\/div><\/div><\/div>","protected":false},"excerpt":{"rendered":"<p>ESTRUCTURAS MET\u00c1LICAS KAISA se especializa en la fabricaci\u00f3n, construcci\u00f3n y montaje de estructuras met\u00e1licas de todo tipo como: Edificios Industriales, Techos de celos\u00eda y alma llena Vigas Electro soldadas \u2013 Vigas Puente, Plataformas de Trabajo, P\u00f3rticos entre otros<\/p>\n","protected":false},"author":1,"featured_media":0,"parent":0,"menu_order":0,"comment_status":"closed","ping_status":"closed","template":"","meta":{"footnotes":""},"class_list":["post-121","page","type-page","status-publish","hentry","post"],"_links":{"self":[{"href":"https:\/\/kaisa.com.pe\/index.php\/wp-json\/wp\/v2\/pages\/121","targetHints":{"allow":["GET"]}}],"collection":[{"href":"https:\/\/kaisa.com.pe\/index.php\/wp-json\/wp\/v2\/pages"}],"about":[{"href":"https:\/\/kaisa.com.pe\/index.php\/wp-json\/wp\/v2\/types\/page"}],"author":[{"embeddable":true,"href":"https:\/\/kaisa.com.pe\/index.php\/wp-json\/wp\/v2\/users\/1"}],"replies":[{"embeddable":true,"href":"https:\/\/kaisa.com.pe\/index.php\/wp-json\/wp\/v2\/comments?post=121"}],"version-history":[{"count":21,"href":"https:\/\/kaisa.com.pe\/index.php\/wp-json\/wp\/v2\/pages\/121\/revisions"}],"predecessor-version":[{"id":464,"href":"https:\/\/kaisa.com.pe\/index.php\/wp-json\/wp\/v2\/pages\/121\/revisions\/464"}],"wp:attachment":[{"href":"https:\/\/kaisa.com.pe\/index.php\/wp-json\/wp\/v2\/media?parent=121"}],"curies":[{"name":"wp","href":"https:\/\/api.w.org\/{rel}","templated":true}]}}