{"id":128,"date":"2020-11-25T14:19:35","date_gmt":"2020-11-25T14:19:35","guid":{"rendered":"http:\/\/kaisa.com.pe\/?page_id=128"},"modified":"2021-01-18T20:53:44","modified_gmt":"2021-01-18T20:53:44","slug":"proyecto-llave-en-mano","status":"publish","type":"page","link":"https:\/\/kaisa.com.pe\/index.php\/proyecto-llave-en-mano\/","title":{"rendered":"Proyecto llave en mano"},"content":{"rendered":"<div id=\"pl-128\"  class=\"panel-layout\" ><div id=\"pg-128-0\"  class=\"panel-grid panel-no-style\" ><div id=\"pgc-128-0-0\"  class=\"panel-grid-cell\" ><div id=\"panel-128-0-0-0\" class=\"so-panel widget widget_sow-editor panel-first-child panel-last-child\" data-index=\"0\" ><div class=\"so-widget-sow-editor so-widget-sow-editor-base\">\n<div class=\"siteorigin-widget-tinymce textwidget\">\n\t<p style=\"text-align: center;\"><strong>PROYECTOS LLAVE EN MANO<\/strong><\/p>\n<p>KAISA ejecuta todo el proceso: ingeniera conceptual, b\u00e1sica, detalle, fabricaci\u00f3n, transporte, instalaciones electromec\u00e1nicas, automatizaci\u00f3n, pruebas y entregas en funcionamiento.<\/p>\n<p>El \u00e9xito de cada proyecto se basa en la aplicaci\u00f3n de una adecuada planificaci\u00f3n y ejecuci\u00f3n del mismo.<\/p>\n<\/div>\n<\/div><\/div><\/div><div id=\"pgc-128-0-1\"  class=\"panel-grid-cell\" ><div id=\"panel-128-0-1-0\" class=\"so-panel widget widget_media_image panel-first-child\" data-index=\"1\" ><img loading=\"lazy\" decoding=\"async\" width=\"300\" height=\"225\" src=\"https:\/\/kaisa.com.pe\/wp-content\/uploads\/2020\/11\/P1020983-300x225.jpg\" class=\"image wp-image-163  attachment-medium size-medium\" alt=\"\" style=\"max-width: 100%; height: auto;\" srcset=\"https:\/\/kaisa.com.pe\/wp-content\/uploads\/2020\/11\/P1020983-300x225.jpg 300w, https:\/\/kaisa.com.pe\/wp-content\/uploads\/2020\/11\/P1020983-1024x768.jpg 1024w, https:\/\/kaisa.com.pe\/wp-content\/uploads\/2020\/11\/P1020983-768x576.jpg 768w, https:\/\/kaisa.com.pe\/wp-content\/uploads\/2020\/11\/P1020983-1536x1152.jpg 1536w, https:\/\/kaisa.com.pe\/wp-content\/uploads\/2020\/11\/P1020983-2048x1536.jpg 2048w\" sizes=\"auto, (max-width: 300px) 100vw, 300px\" \/><\/div><div id=\"panel-128-0-1-1\" class=\"so-panel widget widget_media_image panel-last-child\" data-index=\"2\" ><img loading=\"lazy\" decoding=\"async\" width=\"300\" height=\"214\" src=\"https:\/\/kaisa.com.pe\/wp-content\/uploads\/2021\/01\/llave2-300x214.jpg\" class=\"image wp-image-381  attachment-medium size-medium\" alt=\"\" style=\"max-width: 100%; height: auto;\" srcset=\"https:\/\/kaisa.com.pe\/wp-content\/uploads\/2021\/01\/llave2-300x214.jpg 300w, https:\/\/kaisa.com.pe\/wp-content\/uploads\/2021\/01\/llave2-1024x729.jpg 1024w, https:\/\/kaisa.com.pe\/wp-content\/uploads\/2021\/01\/llave2-768x547.jpg 768w, https:\/\/kaisa.com.pe\/wp-content\/uploads\/2021\/01\/llave2.jpg 1063w\" sizes=\"auto, (max-width: 300px) 100vw, 300px\" \/><\/div><\/div><div id=\"pgc-128-0-2\"  class=\"panel-grid-cell\" ><div id=\"panel-128-0-2-0\" class=\"so-panel widget widget_media_image panel-first-child\" data-index=\"3\" ><img loading=\"lazy\" decoding=\"async\" width=\"300\" height=\"208\" src=\"https:\/\/kaisa.com.pe\/wp-content\/uploads\/2021\/01\/llave1-300x208.jpg\" class=\"image wp-image-380  attachment-medium size-medium\" alt=\"\" style=\"max-width: 100%; height: auto;\" srcset=\"https:\/\/kaisa.com.pe\/wp-content\/uploads\/2021\/01\/llave1-300x208.jpg 300w, https:\/\/kaisa.com.pe\/wp-content\/uploads\/2021\/01\/llave1-1024x712.jpg 1024w, https:\/\/kaisa.com.pe\/wp-content\/uploads\/2021\/01\/llave1-768x534.jpg 768w, https:\/\/kaisa.com.pe\/wp-content\/uploads\/2021\/01\/llave1.jpg 1085w\" sizes=\"auto, (max-width: 300px) 100vw, 300px\" \/><\/div><div id=\"panel-128-0-2-1\" class=\"so-panel widget widget_media_image panel-last-child\" data-index=\"4\" ><img loading=\"lazy\" decoding=\"async\" width=\"225\" height=\"300\" src=\"https:\/\/kaisa.com.pe\/wp-content\/uploads\/2021\/01\/llave3-225x300.jpg\" class=\"image wp-image-382  attachment-medium size-medium\" alt=\"\" style=\"max-width: 100%; height: auto;\" srcset=\"https:\/\/kaisa.com.pe\/wp-content\/uploads\/2021\/01\/llave3-225x300.jpg 225w, https:\/\/kaisa.com.pe\/wp-content\/uploads\/2021\/01\/llave3.jpg 516w\" sizes=\"auto, (max-width: 225px) 100vw, 225px\" \/><\/div><\/div><\/div><\/div>","protected":false},"excerpt":{"rendered":"<p>PROYECTOS LLAVE EN MANO KAISA ejecuta todo el proceso: ingeniera conceptual, b\u00e1sica, detalle, fabricaci\u00f3n, transporte, instalaciones electromec\u00e1nicas, automatizaci\u00f3n, pruebas y entregas en funcionamiento. El \u00e9xito de cada proyecto se basa en la aplicaci\u00f3n de una adecuada planificaci\u00f3n y ejecuci\u00f3n del mismo.<\/p>\n","protected":false},"author":1,"featured_media":0,"parent":0,"menu_order":0,"comment_status":"closed","ping_status":"closed","template":"templates\/template-full-notitle.php","meta":{"footnotes":""},"class_list":["post-128","page","type-page","status-publish","hentry","post"],"_links":{"self":[{"href":"https:\/\/kaisa.com.pe\/index.php\/wp-json\/wp\/v2\/pages\/128","targetHints":{"allow":["GET"]}}],"collection":[{"href":"https:\/\/kaisa.com.pe\/index.php\/wp-json\/wp\/v2\/pages"}],"about":[{"href":"https:\/\/kaisa.com.pe\/index.php\/wp-json\/wp\/v2\/types\/page"}],"author":[{"embeddable":true,"href":"https:\/\/kaisa.com.pe\/index.php\/wp-json\/wp\/v2\/users\/1"}],"replies":[{"embeddable":true,"href":"https:\/\/kaisa.com.pe\/index.php\/wp-json\/wp\/v2\/comments?post=128"}],"version-history":[{"count":13,"href":"https:\/\/kaisa.com.pe\/index.php\/wp-json\/wp\/v2\/pages\/128\/revisions"}],"predecessor-version":[{"id":387,"href":"https:\/\/kaisa.com.pe\/index.php\/wp-json\/wp\/v2\/pages\/128\/revisions\/387"}],"wp:attachment":[{"href":"https:\/\/kaisa.com.pe\/index.php\/wp-json\/wp\/v2\/media?parent=128"}],"curies":[{"name":"wp","href":"https:\/\/api.w.org\/{rel}","templated":true}]}}