{"id":168,"date":"2020-11-25T14:56:57","date_gmt":"2020-11-25T14:56:57","guid":{"rendered":"http:\/\/kaisa.com.pe\/?page_id=168"},"modified":"2021-01-19T15:15:40","modified_gmt":"2021-01-19T15:15:40","slug":"servicios","status":"publish","type":"page","link":"https:\/\/kaisa.com.pe\/index.php\/servicios\/","title":{"rendered":"SERVICIOS"},"content":{"rendered":"<div id=\"pl-gb168-6a031abeb19ab\"  class=\"panel-layout\" ><div id=\"pg-gb168-6a031abeb19ab-0\"  class=\"panel-grid panel-no-style\" ><div id=\"pgc-gb168-6a031abeb19ab-0-0\"  class=\"panel-grid-cell\" ><div id=\"panel-gb168-6a031abeb19ab-0-0-0\" class=\"so-panel widget widget_text panel-first-child panel-last-child\" data-index=\"0\" >\t\t\t<div class=\"textwidget\"><p><strong>\u00a0 \u00a0 \u00a0 \u00a0 \u00a0 \u00a0 \u00a0 \u00a0 \u00a0 \u00a0 \u00a0 \u00a0 \u00a0 \u00a0 \u00a0 \u00a0 \u00a0 \u00a0 \u00a0 \u00a0 \u00a0 \u00a0 \u00a0 \u00a0 \u00a0 \u00a0 \u00a0 \u00a0 \u00a0 \u00a0 NUESTROS SERVICIOS<\/strong><\/p>\n<p>Asesoramiento, consultor\u00eda, supervisi\u00f3n, Ingenier\u00eda b\u00e1sica e Ingenier\u00eda de detalle de \u00a0Plantas industriales<\/p>\n<p>Dise\u00f1o, Fabricaci\u00f3n y Montaje de:<\/p>\n<ul>\n<li>Estructuras y naves met\u00e1licas en general.<\/li>\n<li>Puentes gr\u00faa.<\/li>\n<li>Tolvas, silos y tanques de almacenamiento.<\/li>\n<li>Sistemas de bandas transportadoras, transportadores Helicoidales y Elevadores<\/li>\n<li>Tuber\u00edas de acero al carbono e inoxidables, roscadas y Soldadas.<\/li>\n<li>Sistemas Hidr\u00e1ulicos y neum\u00e1ticos\u00a0 y equipos en Acero inoxidable.<\/li>\n<li>Trabajos de Calderer\u00eda como ciclones, ductos, etc.<\/li>\n<li>Equipos de Ventilaci\u00f3n industrial y aire acondicionado.<\/li>\n<li>Tableros El\u00e9ctricos.<\/li>\n<li>Fabricaci\u00f3n y Montajes de elementos metal mec\u00e1nicos.<\/li>\n<li>Ejecuci\u00f3n de obras de ampliaci\u00f3n de Plantas Industriales en general.<\/li>\n<li>Desmontaje y montaje de bombas, l\u00edneas de agua, aire, vapor, combustibles, intercambiadores de calor, Chillers, torres de enfriamiento, equipos de procesos.<\/li>\n<li>Mantenimiento de equipos y l\u00edneas de proceso en los sectores Minero, pesquero, cementero e industrial en general.<\/li>\n<\/ul>\n<\/div>\n\t\t<\/div><\/div><div id=\"pgc-gb168-6a031abeb19ab-0-1\"  class=\"panel-grid-cell\" ><div id=\"panel-gb168-6a031abeb19ab-0-1-0\" class=\"so-panel widget widget_sow-image panel-first-child panel-last-child\" data-index=\"1\" ><div class=\"so-widget-sow-image so-widget-sow-image-default-d6014b76747a\">\n\n<div class=\"sow-image-container\">\n\t<img loading=\"lazy\" decoding=\"async\" src=\"https:\/\/kaisa.com.pe\/wp-content\/uploads\/2021\/01\/WhatsApp-Image-2021-01-19-at-9.33.15-AM.jpeg\" width=\"850\" height=\"674\" srcset=\"https:\/\/kaisa.com.pe\/wp-content\/uploads\/2021\/01\/WhatsApp-Image-2021-01-19-at-9.33.15-AM.jpeg 850w, https:\/\/kaisa.com.pe\/wp-content\/uploads\/2021\/01\/WhatsApp-Image-2021-01-19-at-9.33.15-AM-300x238.jpeg 300w, https:\/\/kaisa.com.pe\/wp-content\/uploads\/2021\/01\/WhatsApp-Image-2021-01-19-at-9.33.15-AM-768x609.jpeg 768w\" sizes=\"auto, (max-width: 850px) 100vw, 850px\" title=\"WhatsApp Image 2021-01-19 at 9.33.15 AM\" alt=\"\" \t\tclass=\"so-widget-image\"\/>\n<\/div>\n\n<\/div><\/div><\/div><\/div><\/div>","protected":false},"excerpt":{"rendered":"","protected":false},"author":1,"featured_media":0,"parent":0,"menu_order":0,"comment_status":"closed","ping_status":"closed","template":"templates\/template-full-notitle.php","meta":{"footnotes":""},"class_list":["post-168","page","type-page","status-publish","hentry","post"],"_links":{"self":[{"href":"https:\/\/kaisa.com.pe\/index.php\/wp-json\/wp\/v2\/pages\/168","targetHints":{"allow":["GET"]}}],"collection":[{"href":"https:\/\/kaisa.com.pe\/index.php\/wp-json\/wp\/v2\/pages"}],"about":[{"href":"https:\/\/kaisa.com.pe\/index.php\/wp-json\/wp\/v2\/types\/page"}],"author":[{"embeddable":true,"href":"https:\/\/kaisa.com.pe\/index.php\/wp-json\/wp\/v2\/users\/1"}],"replies":[{"embeddable":true,"href":"https:\/\/kaisa.com.pe\/index.php\/wp-json\/wp\/v2\/comments?post=168"}],"version-history":[{"count":6,"href":"https:\/\/kaisa.com.pe\/index.php\/wp-json\/wp\/v2\/pages\/168\/revisions"}],"predecessor-version":[{"id":427,"href":"https:\/\/kaisa.com.pe\/index.php\/wp-json\/wp\/v2\/pages\/168\/revisions\/427"}],"wp:attachment":[{"href":"https:\/\/kaisa.com.pe\/index.php\/wp-json\/wp\/v2\/media?parent=168"}],"curies":[{"name":"wp","href":"https:\/\/api.w.org\/{rel}","templated":true}]}}