{"id":54,"date":"2020-11-16T17:37:35","date_gmt":"2020-11-16T17:37:35","guid":{"rendered":"http:\/\/kaisa.com.pe\/?page_id=54"},"modified":"2021-01-18T20:39:23","modified_gmt":"2021-01-18T20:39:23","slug":"nosotros","status":"publish","type":"page","link":"https:\/\/kaisa.com.pe\/","title":{"rendered":"NOSOTROS"},"content":{"rendered":"<div id=\"pl-54\"  class=\"panel-layout\" ><div id=\"pg-54-0\"  class=\"panel-grid panel-no-style\" ><div id=\"pgc-54-0-0\"  class=\"panel-grid-cell\" ><div id=\"panel-54-0-0-0\" class=\"so-panel widget widget_text panel-first-child\" data-index=\"0\" ><h3 class=\"widget-title\">Perfil de Empresa<\/h3>\t\t\t<div class=\"textwidget\"><\/div>\n\t\t<\/div><div id=\"panel-54-0-0-1\" class=\"so-panel widget widget_sow-headline\" data-index=\"1\" ><div class=\"so-widget-sow-headline so-widget-sow-headline-default-8d8ed0dedf8a\"><div class=\"sow-headline-container \">\n\t\t\t\t\t\t<div class=\"decoration\">\n\t\t\t\t\t\t<div class=\"decoration-inside\"><\/div>\n\t\t\t\t\t<\/div>\n\t\t\t\t\t<\/div><\/div><\/div><div id=\"panel-54-0-0-2\" class=\"so-panel widget widget_text panel-last-child\" data-index=\"2\" >\t\t\t<div class=\"textwidget\"><p><strong>KAISA S.A.C.<\/strong> es una empresa privada peruana que inicia sus operaciones en 2013, Con capitales privados de\u00a0\u00a0 ciudad de lima, Per\u00fa, para proveer soluciones a los diferentes sectores productivos y cuenta con personal calificado obtenido a trav\u00e9s del desarrollo de\u00a0 proyectos y mantenimiento de equipos industriales.<\/p>\n<p>Ofrece a sus clientes servicios integrales a trav\u00e9s de ingenier\u00eda conceptual para procesos y dise\u00f1o, manufacturera de calidad empleando est\u00e1ndares internacionales, montaje en obra y puesta en marcha, servicios postventa, servicios log\u00edsticos integrales y provisi\u00f3n oportuno, adem\u00e1s de abastecer al mercado peruano.<\/p>\n<\/div>\n\t\t<\/div><\/div><div id=\"pgc-54-0-1\"  class=\"panel-grid-cell\" ><div id=\"panel-54-0-1-0\" class=\"so-panel widget widget_media_image panel-first-child\" data-index=\"3\" ><img loading=\"lazy\" decoding=\"async\" width=\"300\" height=\"204\" src=\"https:\/\/kaisa.com.pe\/wp-content\/uploads\/2021\/01\/inicio1-300x204.jpg\" class=\"image wp-image-373  attachment-medium size-medium\" alt=\"\" style=\"max-width: 100%; height: auto;\" srcset=\"https:\/\/kaisa.com.pe\/wp-content\/uploads\/2021\/01\/inicio1-300x204.jpg 300w, https:\/\/kaisa.com.pe\/wp-content\/uploads\/2021\/01\/inicio1-1024x697.jpg 1024w, https:\/\/kaisa.com.pe\/wp-content\/uploads\/2021\/01\/inicio1-768x523.jpg 768w, https:\/\/kaisa.com.pe\/wp-content\/uploads\/2021\/01\/inicio1.jpg 1254w\" sizes=\"auto, (max-width: 300px) 100vw, 300px\" \/><\/div><div id=\"panel-54-0-1-1\" class=\"so-panel widget widget_media_image panel-last-child\" data-index=\"4\" ><img loading=\"lazy\" decoding=\"async\" width=\"300\" height=\"217\" src=\"https:\/\/kaisa.com.pe\/wp-content\/uploads\/2021\/01\/inicio2-300x217.jpg\" class=\"image wp-image-374  attachment-medium size-medium\" alt=\"\" style=\"max-width: 100%; height: auto;\" srcset=\"https:\/\/kaisa.com.pe\/wp-content\/uploads\/2021\/01\/inicio2-300x217.jpg 300w, https:\/\/kaisa.com.pe\/wp-content\/uploads\/2021\/01\/inicio2-1024x741.jpg 1024w, https:\/\/kaisa.com.pe\/wp-content\/uploads\/2021\/01\/inicio2-768x556.jpg 768w, https:\/\/kaisa.com.pe\/wp-content\/uploads\/2021\/01\/inicio2.jpg 1175w\" sizes=\"auto, (max-width: 300px) 100vw, 300px\" \/><\/div><\/div><\/div><\/div>","protected":false},"excerpt":{"rendered":"<p>KAISA S.A.C. es una empresa privada peruana que inicia sus operaciones en 2013, Con capitales privados de\u00a0\u00a0 ciudad de lima, Per\u00fa, para proveer soluciones a los diferentes sectores productivos y cuenta con personal calificado obtenido a trav\u00e9s del desarrollo de\u00a0 proyectos y mantenimiento de equipos industriales. Ofrece a sus clientes servicios integrales a trav\u00e9s de [&hellip;]<\/p>\n","protected":false},"author":1,"featured_media":0,"parent":0,"menu_order":0,"comment_status":"closed","ping_status":"closed","template":"home-panels.php","meta":{"footnotes":""},"class_list":["post-54","page","type-page","status-publish","hentry","post"],"_links":{"self":[{"href":"https:\/\/kaisa.com.pe\/index.php\/wp-json\/wp\/v2\/pages\/54","targetHints":{"allow":["GET"]}}],"collection":[{"href":"https:\/\/kaisa.com.pe\/index.php\/wp-json\/wp\/v2\/pages"}],"about":[{"href":"https:\/\/kaisa.com.pe\/index.php\/wp-json\/wp\/v2\/types\/page"}],"author":[{"embeddable":true,"href":"https:\/\/kaisa.com.pe\/index.php\/wp-json\/wp\/v2\/users\/1"}],"replies":[{"embeddable":true,"href":"https:\/\/kaisa.com.pe\/index.php\/wp-json\/wp\/v2\/comments?post=54"}],"version-history":[{"count":21,"href":"https:\/\/kaisa.com.pe\/index.php\/wp-json\/wp\/v2\/pages\/54\/revisions"}],"predecessor-version":[{"id":376,"href":"https:\/\/kaisa.com.pe\/index.php\/wp-json\/wp\/v2\/pages\/54\/revisions\/376"}],"wp:attachment":[{"href":"https:\/\/kaisa.com.pe\/index.php\/wp-json\/wp\/v2\/media?parent=54"}],"curies":[{"name":"wp","href":"https:\/\/api.w.org\/{rel}","templated":true}]}}